{"id":23,"date":"2025-05-24T01:52:14","date_gmt":"2025-05-23T23:52:14","guid":{"rendered":"https:\/\/licolorvalnahromada.eu\/?page_id=23"},"modified":"2025-05-25T12:29:18","modified_gmt":"2025-05-25T10:29:18","slug":"valna-hromada-2024","status":"publish","type":"page","link":"https:\/\/licolorvalnahromada.eu\/?page_id=23","title":{"rendered":"Valn\u00e1 hromada 2024"},"content":{"rendered":"\n<p><\/p>\n\n\n\n<h5 class=\"wp-block-heading\" style=\"font-size:clamp(15.747px, 0.984rem + ((1vw - 3.2px) * 0.86), 24px);line-height:1.3\"><a href=\"https:\/\/licolorvalnahromada.eu\/wp-content\/uploads\/2025\/05\/Oznameni-o-svolani-VH.pdf\" target=\"_blank\" rel=\"noreferrer noopener nofollow\">LICOLOR, a.s. <code><strong>Ozn\u00e1men\u00ed o svol\u00e1n\u00ed VH<\/strong><\/code><\/a><strong><code> <\/code>\u2197<\/strong><\/h5>\n\n\n\n<h5 class=\"wp-block-heading\" style=\"font-size:clamp(15.747px, 0.984rem + ((1vw - 3.2px) * 0.86), 24px);line-height:1.3\"><a href=\"https:\/\/licolorvalnahromada.eu\/wp-content\/uploads\/2025\/05\/LICOLOR-a.s.rozvaha-k-31.12.24-.pdf\" target=\"_blank\" rel=\"noreferrer noopener nofollow\">LICOLOR, a.s.rozvaha k 31.12.24<\/a><strong><code> <\/code>\u2197<\/strong><\/h5>\n\n\n\n<h3 class=\"wp-block-heading\" style=\"font-size:clamp(15.747px, 0.984rem + ((1vw - 3.2px) * 0.86), 24px);line-height:1.3\"><a href=\"https:\/\/licolorvalnahromada.eu\/wp-content\/uploads\/2025\/05\/LICOLOR-a.s.-vykaz-zisku-a-ztraty-r.2024.pdf\" target=\"_blank\" rel=\"noreferrer noopener nofollow\">LICOLOR, a.s. v\u00fdkaz zisku a ztr\u00e1ty r.2024<\/a><strong><a href=\"https:\/\/cs.wordpress.org\"> \u2197<\/a><\/strong><\/h3>\n\n\n\n<h3 class=\"wp-block-heading\" style=\"font-size:clamp(15.747px, 0.984rem + ((1vw - 3.2px) * 0.86), 24px);line-height:1.3\"><a href=\"https:\/\/licolorvalnahromada.eu\/wp-content\/uploads\/2025\/05\/LICOLOR-a.s.-priloha-k-ucet.-zaverce-r.2024.pdf\" target=\"_blank\" rel=\"noreferrer noopener nofollow\">LICOLOR, a.s. p\u0159\u00edloha k \u00fa\u010det. z\u00e1v\u011brce r.2024<\/a><strong><a href=\"https:\/\/cs.wordpress.org\"> \u2197<\/a><\/strong><\/h3>\n\n\n\n<div class=\"wp-block-group alignfull has-global-padding is-layout-constrained wp-container-core-group-is-layout-0747478d wp-block-group-is-layout-constrained\" style=\"padding-top:var(--wp--preset--spacing--50);padding-right:var(--wp--preset--spacing--50);padding-bottom:var(--wp--preset--spacing--50);padding-left:var(--wp--preset--spacing--50)\">\n<div class=\"wp-block-columns alignfull has-text-color has-background is-layout-flex wp-container-core-columns-is-layout-28f84493 wp-block-columns-is-layout-flex\" style=\"color:#000000;background-color:#ffffff\">\n<div class=\"wp-block-column is-layout-flow wp-block-column-is-layout-flow\"><\/div>\n\n\n\n<div class=\"wp-block-column is-layout-flow wp-block-column-is-layout-flow\"><\/div>\n\n\n\n<div class=\"wp-block-column is-layout-flow wp-block-column-is-layout-flow\"><\/div>\n<\/div>\n<\/div>\n\n\n\n<p><\/p>\n","protected":false},"excerpt":{"rendered":"<p>LICOLOR, a.s. Ozn\u00e1men\u00ed o svol\u00e1n\u00ed VH \u2197 LICOLOR, a.s.rozvaha k 31.12.24 \u2197 LICOLOR, a.s. v\u00fdkaz zisku a ztr\u00e1ty r.2024 \u2197 LICOLOR, a.s. p\u0159\u00edloha k \u00fa\u010det. z\u00e1v\u011brce r.2024 \u2197<\/p>\n","protected":false},"author":1,"featured_media":0,"parent":0,"menu_order":0,"comment_status":"closed","ping_status":"closed","template":"","meta":{"footnotes":""},"class_list":["post-23","page","type-page","status-publish","hentry"],"_links":{"self":[{"href":"https:\/\/licolorvalnahromada.eu\/index.php?rest_route=\/wp\/v2\/pages\/23","targetHints":{"allow":["GET"]}}],"collection":[{"href":"https:\/\/licolorvalnahromada.eu\/index.php?rest_route=\/wp\/v2\/pages"}],"about":[{"href":"https:\/\/licolorvalnahromada.eu\/index.php?rest_route=\/wp\/v2\/types\/page"}],"author":[{"embeddable":true,"href":"https:\/\/licolorvalnahromada.eu\/index.php?rest_route=\/wp\/v2\/users\/1"}],"replies":[{"embeddable":true,"href":"https:\/\/licolorvalnahromada.eu\/index.php?rest_route=%2Fwp%2Fv2%2Fcomments&post=23"}],"version-history":[{"count":9,"href":"https:\/\/licolorvalnahromada.eu\/index.php?rest_route=\/wp\/v2\/pages\/23\/revisions"}],"predecessor-version":[{"id":59,"href":"https:\/\/licolorvalnahromada.eu\/index.php?rest_route=\/wp\/v2\/pages\/23\/revisions\/59"}],"wp:attachment":[{"href":"https:\/\/licolorvalnahromada.eu\/index.php?rest_route=%2Fwp%2Fv2%2Fmedia&parent=23"}],"curies":[{"name":"wp","href":"https:\/\/api.w.org\/{rel}","templated":true}]}}