{"id":2,"date":"2025-05-22T08:51:05","date_gmt":"2025-05-22T08:51:05","guid":{"rendered":"http:\/\/licolorvalnahromada.eueu\/www\/?page_id=2"},"modified":"2025-05-24T02:11:20","modified_gmt":"2025-05-24T00:11:20","slug":"sample-page","status":"publish","type":"page","link":"https:\/\/licolorvalnahromada.eu\/?page_id=2","title":{"rendered":"Kontakt"},"content":{"rendered":"\n<h6 class=\"wp-block-heading\">LICOLOR, a.s., <br>Americk\u00e1 335\/2, 460 07 LIBEREC III-Je\u0159\u00e1b<\/h6>\n\n\n\n<p>I\u010cO: 49903268<br>DI\u010c: CZ49903268<\/p>\n\n\n\n<p><strong>Kontakt na spole\u010dnost :<\/strong><br><br>Telefon: +420 608 398 112<br>e-mail: <code><a href=\"mailto:licolor@centrum.cz\" target=\"_blank\" rel=\"noreferrer noopener nofollow\">licolor@centrum.cz<\/a><\/code><\/p>\n","protected":false},"excerpt":{"rendered":"<p>LICOLOR, a.s., Americk\u00e1 335\/2, 460 07 LIBEREC III-Je\u0159\u00e1b I\u010cO: 49903268DI\u010c: CZ49903268 Kontakt na spole\u010dnost : Telefon: +420 608 398 112e-mail: licolor@centrum.cz<\/p>\n","protected":false},"author":1,"featured_media":0,"parent":0,"menu_order":0,"comment_status":"closed","ping_status":"open","template":"","meta":{"footnotes":""},"class_list":["post-2","page","type-page","status-publish","hentry"],"_links":{"self":[{"href":"https:\/\/licolorvalnahromada.eu\/index.php?rest_route=\/wp\/v2\/pages\/2","targetHints":{"allow":["GET"]}}],"collection":[{"href":"https:\/\/licolorvalnahromada.eu\/index.php?rest_route=\/wp\/v2\/pages"}],"about":[{"href":"https:\/\/licolorvalnahromada.eu\/index.php?rest_route=\/wp\/v2\/types\/page"}],"author":[{"embeddable":true,"href":"https:\/\/licolorvalnahromada.eu\/index.php?rest_route=\/wp\/v2\/users\/1"}],"replies":[{"embeddable":true,"href":"https:\/\/licolorvalnahromada.eu\/index.php?rest_route=%2Fwp%2Fv2%2Fcomments&post=2"}],"version-history":[{"count":2,"href":"https:\/\/licolorvalnahromada.eu\/index.php?rest_route=\/wp\/v2\/pages\/2\/revisions"}],"predecessor-version":[{"id":45,"href":"https:\/\/licolorvalnahromada.eu\/index.php?rest_route=\/wp\/v2\/pages\/2\/revisions\/45"}],"wp:attachment":[{"href":"https:\/\/licolorvalnahromada.eu\/index.php?rest_route=%2Fwp%2Fv2%2Fmedia&parent=2"}],"curies":[{"name":"wp","href":"https:\/\/api.w.org\/{rel}","templated":true}]}}